{"id":523,"date":"2026-02-16T19:40:13","date_gmt":"2026-02-16T19:40:13","guid":{"rendered":"https:\/\/athome-yoga.dev1-artgrafik.com\/?page_id=523"},"modified":"2026-02-24T17:49:33","modified_gmt":"2026-02-24T17:49:33","slug":"ateliers-stages","status":"publish","type":"page","link":"https:\/\/athome-yoga.dev1-artgrafik.com\/?page_id=523","title":{"rendered":"Devenir Membre"},"content":{"rendered":"<h2>VOUS SOUHAITEZ VOUS INSCRIRE ?<\/h2>\n<div>\n<p>Rejoignez-nous !<\/p>\n<\/div>\n<div>\n<p>Chaque formule d&rsquo;abonnement et de carte vous offre la possibilit\u00e9 de rattraper les cours en cas d\u2019absence en fonction des places disponibles sur les autres cours de la semaine.<\/p>\n<ul>\n<li>Les inscriptions sont ouvertes d\u00e8s maintenant et possibles toute l\u2019ann\u00e9e.<\/li>\n<li>L\u2019abonnement n\u2019est pas remboursable mais il vous est possible de le transf\u00e9rer \u00e0 une autre personne.<\/li>\n<li>Adh\u00e9sion et Assurance : 20 \u20ac.\n<li>R\u00e8glement \u00e0 l&rsquo;inscription en esp\u00e8ces ou ch\u00e8ques bancaires encaissables sur l&rsquo;ann\u00e9e 2025-2026.<\/li>\n<\/ul>\n<p><\/div>\n<h3>ABONNEMENT 40 S\u00c9ANCES \/ AN<\/h3>\n<ul>\n<li>\n<h3>SALLE DU PIDOU<\/h3>\n<p>4 all\u00e9e de la Guyarderie &#8211; Saintes<\/p>\n<div>\n<div class=\"price\">1h :<span>\u00a0<\/span><strong>107\u20ac\/trimestre<\/strong><br \/><small>ou 27\u20ac\/mois ou 8\u20ac\/s\u00e9ance\u00a0<\/small><\/div>\n<\/p>\n<div class=\"price\">1h15 :<span>\u00a0<\/span><strong>114\u20ac\/trimestre<\/strong><br \/><small>ou 28,50\u20ac\/mois ou 8,50\u20ac\/s\u00e9ance<\/small><\/div>\n<\/div>\n<\/li>\n<li>\n<h3>SALLE ATHOME<\/h3>\n<p>21 rue Bourignon &#8211; Saintes<\/p>\n<div>\n<div class=\"price\">1h :<span>\u00a0<\/span><strong>120\u20ac\/trimestre<\/strong><br \/><small>ou 30\u20ac\/mois ou 9\u20ac\/s\u00e9ance<\/small><\/div>\n<p><\/p>\n<div class=\"price\">1h30 :<span>\u00a0<\/span><strong>180\u20ac\/trimestre<\/strong><br \/>(Accompagnement personnalis\u00e9) <br \/><small>ou 45\u20ac\/mois ou 13,50\u20ac\/s\u00e9ance<\/small><\/div>\n<\/div>\n<\/li>\n<li>\n<h3>STUDIO DE DANSE<\/h3>\n<p>3 impasse du Champ de Tir &#8211; Saintes<\/p>\n<div>\n<div class=\"price\">1h :<span>\u00a0<\/span><strong>114\u20ac\/trimestre<\/strong><br \/><small>ou 28,50\u20ac\/mois ou 8,50\u20ac\/s\u00e9ance<\/small><\/div>\n<div><\/div>\n<\/p>\n<div class=\"price\">1h15 :<span>\u00a0<\/span><strong>149\u20ac\/trimestre<\/strong><br \/><small>ou 37,25\u20ac\/mois ou 11\u20ac\/s\u00e9ance<\/small><\/div>\n<div><\/div>\n<\/p>\n<div class=\"price\">1h30 :<span>\u00a0<\/span><strong>165\u20ac\/trimestre<\/strong><br \/>(Accompagnement personnalis\u00e9) <br \/><small>ou 41,50\u20ac\/mois ou 12,50\u20ac\/s\u00e9ance<\/small><\/div>\n<\/div>\n<\/li>\n<\/ul>\n<h3>CARTES &#038; ATELIERS<\/h3>\n<div>\n<p>D\u00e9placement : Saintes et agglom\u00e9ration<\/p>\n<div>\n<div class=\"pricing-card\">\n<ul>\n<li>Carte 5 cours pr\u00e9\/postnatal (1h) : <strong>75\u20ac<\/strong><\/li>\n<li>Atelier (10h-12h) : <strong>20\u20ac<\/strong><\/li>\n<li>Demi-journ\u00e9e (9h30-13h) : <strong>30\u20ac<\/strong><\/li>\n<\/ul>\n<\/div>\n<\/div>\n<\/div>\n<h3>COURS \u00c0 DOMICILE \/ ENTREPRISE <\/h3>\n<div>\n<p>D\u00e9placement : Saintes et agglom\u00e9ration<\/p>\n<div>\n<div class=\"pricing-card\">\n<ul>\n<li>1h entreprise (jusqu&rsquo;\u00e0 5 pers.) : <strong>60\u20ac<\/strong><\/li>\n<li>1h entreprise (10 pers.) : <strong>80\u20ac<\/strong><\/li>\n<p><\/p>\n<li>1h \u00e0 domicile (1 pers.) : <strong>50\u20ac<\/strong><\/li>\n<li>1h \u00e0 domicile (2 pers.) : <strong>80\u20ac<\/strong> <\/li>\n<li>1h \u00e0 domicile (3 pers.) : <strong>90\u20ac<\/strong> <\/li>\n<\/ul>\n<\/div>\n<\/div>\n<\/div>\n<div>\n<p>    <!-- Encart d'inscription yoga --><\/p>\n<div class=\"yoga-encart\">\n<h3>Rejoignez AthomeYoga<\/h3>\n<p>D\u00e9tendez votre esprit, renforcez votre corps, retrouvez un \u00e9quilibre \u00e0 Saintes<\/p>\n<p>  <a href=\"tel:+33641576029\" target=\"_blank\" class=\"btn-inscrire\">Contacter Fabienne par t\u00e9l\u00e9phone<\/a><\/p>\n<p> <a href=\"mailto:athomeyoga.saintes17@gmail.com\" class=\"btn-inscrire\" target=\"_blank\">Contacter Fabienne par mail<\/a>\n<\/div>\n<p><!-- Styles CSS --><\/p>\n<style>\n  .yoga-encart {\n    background: linear-gradient(135deg, #a8edea 0%, #fed6e3 100%);\n    color: #333;\n    padding: 1rem;\n    border-radius: 16px;\n    max-width: 420px;\n    margin: 0 auto;\n    text-align: center;\n    font-family: 'Segoe UI', sans-serif;\n    box-shadow: 0 8px 25px rgba(0, 0, 0, 0.1);\n  }<\/p>\n<p>  .yoga-encart h3 {\n    margin-top: 0;\n    font-size: 1.4rem;\n    color: #2c3e50;\n    font-weight: 600;\n  }<\/p>\n<p>  .yoga-encart p {\n    color: #555;\n    font-size: 0.95rem;\n    margin-bottom: 1rem;\n    line-height: 1.5;\n  }<\/p>\n<p>  .btn-inscrire {\n    background-color: #667eea;\n    color: white;\n    padding: 12px 28px;\n    border-radius: 8px;\n    text-decoration: none;\n    font-weight: 600;\n    font-size: 1rem;\n    transition: all 0.3s ease;\n    display: inline-block;\n  }<\/p>\n<p>  .btn-inscrire:hover {\n    background-color: #5a6fd8;\n    transform: translateY(-2px);\n    box-shadow: 0 5px 15px rgba(102, 126, 234, 0.3);\n  }<\/p>\n<p>  @media (max-width: 480px) {\n    .yoga-encart {\n      padding: 1.5rem;\n    }\n    .btn-inscrire {\n      width: 100%;\n      text-align: center;\n    }\n  }\n<\/style>\n<\/div>\n<p><!--more--><br \/>\n<!-- {\"type\":\"layout\",\"children\":[{\"type\":\"section\",\"props\":{\"animation\":\"slide-top-medium\",\"animation_delay\":\"200\",\"image_position\":\"center-center\",\"style\":\"muted\",\"title_breakpoint\":\"xl\",\"title_position\":\"top-left\",\"title_rotation\":\"left\",\"vertical_align\":\"middle\",\"width\":\"default\"},\"children\":[{\"type\":\"row\",\"children\":[{\"type\":\"column\",\"props\":{\"image_position\":\"center-center\",\"position_sticky_breakpoint\":\"m\"},\"children\":[{\"type\":\"headline\",\"props\":{\"content\":\"VOUS SOUHAITEZ VOUS INSCRIRE ?\",\"image_align\":\"left\",\"image_margin\":\"xsmall\",\"margin_bottom\":\"remove\",\"title_color\":\"warning\",\"title_decoration\":\"line\",\"title_element\":\"h2\",\"title_font_family\":\"secondary\",\"title_style\":\"h1\",\"title_text_stroke\":true}},{\"type\":\"text\",\"props\":{\"column_breakpoint\":\"m\",\"content\":\"\n\n<p>Rejoignez-nous !<\/p>\n\n\",\"margin_bottom\":\"xsmall\",\"margin_top\":\"xsmall\",\"text_color\":\"warning\",\"text_style\":\"meta\"}},{\"type\":\"text\",\"props\":{\"column_breakpoint\":\"m\",\"content\":\"\n\n<p>Chaque formule d'abonnement et de carte vous offre la possibilit\u00e9 de rattraper les cours en cas d\u2019absence en fonction des places disponibles sur les autres cours de la semaine.<\/p>\n\n\\n\n\n<ul>\\n\n\n<li>Les inscriptions sont ouvertes d\u00e8s maintenant et possibles toute l\u2019ann\u00e9e.<\/li>\n\n\\n\n\n<li>L\u2019abonnement n\u2019est pas remboursable mais il vous est possible de le transf\u00e9rer \u00e0 une autre personne.<\/li>\n\n\\n\n\n<li>Adh\u00e9sion et Assurance : 20 \u20ac.<br \/>\\n    \n\n<li>R\u00e8glement \u00e0 l'inscription en esp\u00e8ces ou ch\u00e8ques bancaires encaissables sur l'ann\u00e9e 2025-2026.<\/li>\n\n\\n<\/ul>\n\n<br \/>\",\"margin_bottom\":\"default\",\"margin_top\":\"default\"}},{\"type\":\"headline\",\"props\":{\"content\":\"ABONNEMENT 40 S\u00c9ANCES \/ AN\",\"image_align\":\"left\",\"image_margin\":\"xsmall\",\"margin_bottom\":\"remove\",\"text_align\":\"center\",\"title_color\":\"warning\",\"title_decoration\":\"line\",\"title_element\":\"h3\",\"title_font_family\":\"secondary\",\"title_style\":\"h3\",\"title_text_stroke\":true}},{\"type\":\"grid\",\"props\":{\"content_column_breakpoint\":\"m\",\"filter_align\":\"left\",\"filter_all\":true,\"filter_grid_breakpoint\":\"m\",\"filter_grid_width\":\"auto\",\"filter_position\":\"top\",\"filter_style\":\"tab\",\"grid_default\":\"1\",\"grid_medium\":\"3\",\"image_align\":\"top\",\"image_grid_breakpoint\":\"m\",\"image_grid_width\":\"1-2\",\"image_svg_color\":\"emphasis\",\"item_animation\":true,\"lightbox_bg_close\":true,\"link_style\":\"default\",\"link_text\":\"Read more\",\"margin_bottom\":\"default\",\"margin_top\":\"default\",\"meta_align\":\"below-title\",\"meta_color\":\"warning\",\"meta_element\":\"div\",\"meta_style\":\"text-meta\",\"panel_padding\":\"default\",\"panel_style\":\"card-default\",\"show_content\":true,\"show_hover_image\":true,\"show_hover_video\":true,\"show_image\":true,\"show_link\":true,\"show_meta\":true,\"show_title\":true,\"show_video\":true,\"text_align\":\"center\",\"title_align\":\"top\",\"title_element\":\"h3\",\"title_font_family\":\"secondary\",\"title_grid_breakpoint\":\"m\",\"title_grid_width\":\"1-2\",\"title_hover_style\":\"reset\"},\"children\":[{\"type\":\"grid_item\",\"props\":{\"content\":\"\n\n<div class=\\\"price\\\">1h :<span>\u00a0<\/span><strong>107\u20ac\/trimestre<\/strong><br \/><small>ou 27\u20ac\/mois ou 8\u20ac\/s\u00e9ance\u00a0<\/small><\/div>\n\n\\n\n\n\n\n\\n\n\n<div class=\\\"price\\\">1h15 :<span>\u00a0<\/span><strong>114\u20ac\/trimestre<\/strong><br \/><small>ou 28,50\u20ac\/mois ou 8,50\u20ac\/s\u00e9ance<\/small><\/div>\n\n\",\"meta\":\"4 all\u00e9e de la Guyarderie - Saintes\",\"title\":\"SALLE DU PIDOU\"}},{\"type\":\"grid_item\",\"props\":{\"content\":\"\n\n<div class=\\\"price\\\">1h :<span>\u00a0<\/span><strong>120\u20ac\/trimestre<\/strong><br \/><small>ou 30\u20ac\/mois ou 9\u20ac\/s\u00e9ance<\/small><\/div>\n\n<br \/>\\n\n\n<div class=\\\"price\\\">1h30 :<span>\u00a0<\/span><strong>180\u20ac\/trimestre<\/strong><br \/>(Accompagnement personnalis\u00e9) <br \/><small>ou 45\u20ac\/mois ou 13,50\u20ac\/s\u00e9ance<\/small><\/div>\n\n\",\"meta\":\"21 rue Bourignon - Saintes\",\"title\":\"SALLE ATHOME\"}},{\"type\":\"grid_item\",\"props\":{\"content\":\"\n\n<div class=\\\"price\\\">1h :<span>\u00a0<\/span><strong>114\u20ac\/trimestre<\/strong><br \/><small>ou 28,50\u20ac\/mois ou 8,50\u20ac\/s\u00e9ance<\/small><\/div>\n\n\\n\n\n<div><\/div>\n\n\\n\n\n\n\n\\n\n\n<div class=\\\"price\\\">1h15 :<span>\u00a0<\/span><strong>149\u20ac\/trimestre<\/strong><br \/><small>ou 37,25\u20ac\/mois ou 11\u20ac\/s\u00e9ance<\/small><\/div>\n\n\\n\n\n<div><\/div>\n\n\\n\n\n\n\n\\n\n\n<div class=\\\"price\\\">1h30 :<span>\u00a0<\/span><strong>165\u20ac\/trimestre<\/strong><br \/>(Accompagnement personnalis\u00e9) <br \/><small>ou 41,50\u20ac\/mois ou 12,50\u20ac\/s\u00e9ance<\/small><\/div>\n\n\",\"meta\":\"3 impasse du Champ de Tir - Saintes\",\"title\":\"STUDIO DE DANSE\"}}]}]}],\"props\":{\"margin_bottom\":\"large\"}},{\"type\":\"row\",\"props\":{\"alignment\":\"center\",\"layout\":\"1-2,1-2\",\"margin_top\":\"large\",\"parallax\":false},\"children\":[{\"type\":\"column\",\"props\":{\"image_position\":\"center-center\",\"position_sticky_breakpoint\":\"m\",\"width_medium\":\"1-2\"},\"children\":[{\"type\":\"headline\",\"props\":{\"content\":\"CARTES & ATELIERS\",\"image_align\":\"left\",\"image_margin\":\"xsmall\",\"margin_bottom\":\"remove\",\"text_align\":\"center\",\"title_color\":\"warning\",\"title_decoration\":\"line\",\"title_element\":\"h3\",\"title_font_family\":\"secondary\",\"title_style\":\"h3\",\"title_text_stroke\":true}},{\"type\":\"grid\",\"props\":{\"content_align\":true,\"content_column_breakpoint\":\"m\",\"filter_align\":\"left\",\"filter_all\":true,\"filter_grid_breakpoint\":\"m\",\"filter_grid_width\":\"auto\",\"filter_position\":\"top\",\"filter_style\":\"tab\",\"grid_default\":\"1\",\"grid_medium\":\"\",\"image_align\":\"top\",\"image_grid_breakpoint\":\"m\",\"image_grid_width\":\"1-2\",\"image_svg_color\":\"emphasis\",\"item_animation\":true,\"lightbox_bg_close\":true,\"link_style\":\"default\",\"link_text\":\"Read more\",\"margin_bottom\":\"default\",\"margin_top\":\"default\",\"meta_align\":\"below-title\",\"meta_color\":\"warning\",\"meta_element\":\"div\",\"meta_style\":\"text-meta\",\"panel_padding\":\"default\",\"panel_style\":\"card-default\",\"show_content\":true,\"show_hover_image\":true,\"show_hover_video\":true,\"show_image\":true,\"show_link\":true,\"show_meta\":true,\"show_title\":true,\"show_video\":true,\"text_align\":\"center\",\"title_align\":\"top\",\"title_element\":\"h3\",\"title_font_family\":\"secondary\",\"title_grid_breakpoint\":\"m\",\"title_grid_width\":\"1-2\",\"title_hover_style\":\"reset\"},\"children\":[{\"type\":\"grid_item\",\"props\":{\"content\":\"\n\n<div class=\\\"pricing-card\\\">\\n  \n\n<ul>\\n    \n\n<li>Carte 5 cours pr\u00e9\/postnatal (1h) : <strong>75\u20ac<\/strong><\/li>\n\n\\n    \n\n<li>Atelier (10h-12h) : <strong>20\u20ac<\/strong><\/li>\n\n\\n    \n\n<li>Demi-journ\u00e9e (9h30-13h) : <strong>30\u20ac<\/strong><\/li>\n\n\\n  <\/ul>\n\n\\n<\/div>\n\n\",\"meta\":\"D\u00e9placement : Saintes et agglom\u00e9ration\",\"title\":\"\"}}]}]},{\"type\":\"column\",\"props\":{\"image_position\":\"center-center\",\"position_sticky_breakpoint\":\"m\",\"width_medium\":\"1-2\"},\"children\":[{\"type\":\"headline\",\"props\":{\"content\":\"COURS \u00c0 DOMICILE \/ ENTREPRISE \",\"image_align\":\"left\",\"image_margin\":\"xsmall\",\"margin_bottom\":\"remove\",\"text_align\":\"center\",\"title_color\":\"warning\",\"title_decoration\":\"line\",\"title_element\":\"h3\",\"title_font_family\":\"secondary\",\"title_style\":\"h3\",\"title_text_stroke\":true}},{\"type\":\"grid\",\"props\":{\"content_align\":true,\"content_column_breakpoint\":\"m\",\"filter_align\":\"left\",\"filter_all\":true,\"filter_grid_breakpoint\":\"m\",\"filter_grid_width\":\"auto\",\"filter_position\":\"top\",\"filter_style\":\"tab\",\"grid_default\":\"1\",\"grid_medium\":\"\",\"image_align\":\"top\",\"image_grid_breakpoint\":\"m\",\"image_grid_width\":\"1-2\",\"image_svg_color\":\"emphasis\",\"item_animation\":true,\"lightbox_bg_close\":true,\"link_style\":\"default\",\"link_text\":\"Read more\",\"margin_bottom\":\"default\",\"margin_top\":\"default\",\"meta_align\":\"below-title\",\"meta_color\":\"warning\",\"meta_element\":\"div\",\"meta_style\":\"text-meta\",\"panel_padding\":\"default\",\"panel_style\":\"card-default\",\"show_content\":true,\"show_hover_image\":true,\"show_hover_video\":true,\"show_image\":true,\"show_link\":true,\"show_meta\":true,\"show_title\":true,\"show_video\":true,\"text_align\":\"center\",\"title_align\":\"top\",\"title_element\":\"h3\",\"title_font_family\":\"secondary\",\"title_grid_breakpoint\":\"m\",\"title_grid_width\":\"1-2\",\"title_hover_style\":\"reset\"},\"children\":[{\"type\":\"grid_item\",\"props\":{\"content\":\"\n\n<div class=\\\"pricing-card\\\">\\n\\n  \n\n<ul>\\n    \n\n<li>1h entreprise (jusqu'\u00e0 5 pers.) : <strong>60\u20ac<\/strong><\/li>\n\n\\n    \n\n<li>1h entreprise (10 pers.) : <strong>80\u20ac<\/strong><\/li>\n\n<br \/>\\n    \n\n<li>1h \u00e0 domicile (1 pers.) : <strong>50\u20ac<\/strong><\/li>\n\n\\n    \n\n<li>1h \u00e0 domicile (2 pers.) : <strong>80\u20ac<\/strong> <\/li>\n\n\\n      \n\n<li>1h \u00e0 domicile (3 pers.) : <strong>90\u20ac<\/strong> <\/li>\n\n\\n   \\n  <\/ul>\n\n\\n<\/div>\n\n\",\"meta\":\"D\u00e9placement : Saintes et agglom\u00e9ration\",\"title\":\"\"}}]}]}]}],\"name\":\"titre + texte + galerie\"},{\"type\":\"section\",\"props\":{\"animation\":\"slide-left-small\",\"animation_delay\":\"200\",\"image\":\"wp-content\/uploads\/2026\/02\/IMG_20250323_120659-1-scaled.jpg\",\"image_effect\":\"fixed\",\"image_position\":\"center-center\",\"media_overlay\":\"rgba(255, 255, 255, 0.68)\",\"style\":\"default\",\"title_breakpoint\":\"xl\",\"title_position\":\"top-left\",\"title_rotation\":\"left\",\"vertical_align\":\"middle\",\"width\":\"default\"},\"children\":[{\"type\":\"row\",\"children\":[{\"type\":\"column\",\"props\":{\"image_position\":\"center-center\",\"position_sticky_breakpoint\":\"m\"},\"children\":[{\"type\":\"html\",\"props\":{\"content\":\"<!-- Encart d'inscription yoga -->\\n<\/p>\n<div class=\\\"yoga-encart\\\">\\n  <\/p>\n<h3>Rejoignez AthomeYoga<\/h3>\n<p>\\n  <\/p>\n<p>D\u00e9tendez votre esprit, renforcez votre corps, retrouvez un \u00e9quilibre \u00e0 Saintes<\/p>\n<p>\\n  <a href=\\\"tel:+33641576029\\\" target=\\\"_blank\\\" class=\\\"btn-inscrire\\\">Contacter Fabienne par t\u00e9l\u00e9phone<\/a><br \/>\\n     <br \/> <a href=\\\"mailto:athomeyoga.saintes17@gmail.com\\\" class=\\\"btn-inscrire\\\" target=\\\"_blank\\\">Contacter Fabienne par mail<\/a>\\n<\/div>\n<p>\\n\\n<!-- Styles CSS -->\\n<\/p>\n<style>\\n  .yoga-encart {\\n    background: linear-gradient(135deg, #a8edea 0%, #fed6e3 100%);\\n    color: #333;\\n    padding: 1rem;\\n    border-radius: 16px;\\n    max-width: 420px;\\n    margin: 0 auto;\\n    text-align: center;\\n    font-family: 'Segoe UI', sans-serif;\\n    box-shadow: 0 8px 25px rgba(0, 0, 0, 0.1);\\n  }\\n\\n  .yoga-encart h3 {\\n    margin-top: 0;\\n    font-size: 1.4rem;\\n    color: #2c3e50;\\n    font-weight: 600;\\n  }\\n\\n  .yoga-encart p {\\n    color: #555;\\n    font-size: 0.95rem;\\n    margin-bottom: 1rem;\\n    line-height: 1.5;\\n  }\\n\\n  .btn-inscrire {\\n    background-color: #667eea;\\n    color: white;\\n    padding: 12px 28px;\\n    border-radius: 8px;\\n    text-decoration: none;\\n    font-weight: 600;\\n    font-size: 1rem;\\n    transition: all 0.3s ease;\\n    display: inline-block;\\n  }\\n\\n  .btn-inscrire:hover {\\n    background-color: #5a6fd8;\\n    transform: translateY(-2px);\\n    box-shadow: 0 5px 15px rgba(102, 126, 234, 0.3);\\n  }\\n\\n  @media (max-width: 480px) {\\n    .yoga-encart {\\n      padding: 1.5rem;\\n    }\\n    .btn-inscrire {\\n      width: 100%;\\n      text-align: center;\\n    }\\n  }\\n<\/style>\n<p>   \u00ab\u00a0}}]}]}],\u00a0\u00bbname\u00a0\u00bb:\u00a0\u00bbbandeau abonnement\u00a0\u00bb}],\u00a0\u00bbversion\u00a0\u00bb:\u00a0\u00bb5.0.13&Prime;} &#8211;><\/p>\n","protected":false},"excerpt":{"rendered":"<p>VOUS SOUHAITEZ VOUS INSCRIRE ? Rejoignez-nous ! Chaque formule d&rsquo;abonnement et de carte vous offre la possibilit\u00e9 de rattraper les cours en cas d\u2019absence en fonction des places disponibles sur les autres cours de la semaine. Les inscriptions sont ouvertes d\u00e8s maintenant et possibles toute l\u2019ann\u00e9e. L\u2019abonnement n\u2019est pas remboursable mais il vous est possible [&hellip;]<\/p>\n","protected":false},"author":2,"featured_media":0,"parent":0,"menu_order":0,"comment_status":"closed","ping_status":"closed","template":"","meta":{"footnotes":""},"class_list":["post-523","page","type-page","status-publish","hentry"],"_links":{"self":[{"href":"https:\/\/athome-yoga.dev1-artgrafik.com\/index.php?rest_route=\/wp\/v2\/pages\/523","targetHints":{"allow":["GET"]}}],"collection":[{"href":"https:\/\/athome-yoga.dev1-artgrafik.com\/index.php?rest_route=\/wp\/v2\/pages"}],"about":[{"href":"https:\/\/athome-yoga.dev1-artgrafik.com\/index.php?rest_route=\/wp\/v2\/types\/page"}],"author":[{"embeddable":true,"href":"https:\/\/athome-yoga.dev1-artgrafik.com\/index.php?rest_route=\/wp\/v2\/users\/2"}],"replies":[{"embeddable":true,"href":"https:\/\/athome-yoga.dev1-artgrafik.com\/index.php?rest_route=%2Fwp%2Fv2%2Fcomments&post=523"}],"version-history":[{"count":62,"href":"https:\/\/athome-yoga.dev1-artgrafik.com\/index.php?rest_route=\/wp\/v2\/pages\/523\/revisions"}],"predecessor-version":[{"id":946,"href":"https:\/\/athome-yoga.dev1-artgrafik.com\/index.php?rest_route=\/wp\/v2\/pages\/523\/revisions\/946"}],"wp:attachment":[{"href":"https:\/\/athome-yoga.dev1-artgrafik.com\/index.php?rest_route=%2Fwp%2Fv2%2Fmedia&parent=523"}],"curies":[{"name":"wp","href":"https:\/\/api.w.org\/{rel}","templated":true}]}}