{"id":270,"date":"2026-02-11T17:46:10","date_gmt":"2026-02-11T17:46:10","guid":{"rendered":"https:\/\/athome-yoga.dev1-artgrafik.com\/?page_id=270"},"modified":"2026-02-24T17:47:20","modified_gmt":"2026-02-24T17:47:20","slug":"contact","status":"publish","type":"page","link":"https:\/\/athome-yoga.dev1-artgrafik.com\/?page_id=270","title":{"rendered":"A propos"},"content":{"rendered":"<p><img decoding=\"async\" src=\"\/wp-content\/uploads\/2026\/02\/1725308116923-1.jpg\" alt=\"\"><\/p>\n<h1>\n<h3 style=\"text-align: center;\">Fabienne Castagna<\/h3>\n<\/h1>\n<div>\n<div class=\"uk-margin uk-text-center uk-scrollspy-inview uk-animation-slide-bottom\" uk-scrollspy-class=\"\">\n<p class=\"uk-text-center\">\n<\/div>\n<h3 class=\"uk-text-center uk-text-warning\">Enseignement du Hatha Yoga et des techniques Naturelles de Bien-\u00catre<\/h3>\n<p><strong>2017 &#8211; 2025<\/strong> Cr\u00e9ation d\u2019ATHOMEYOGA: Relaxation, M\u00e9ditation, Equilibre, Enchainements dynamiques&#8230; Cours collectifs et accompagnements personnalis\u00e9s.<\/p>\n<p><strong>2000 &#8211; 2017<\/strong> \u00ab Hatha Yoga \u00bb cours particuliers adultes tous niveaux Paris Touraine Saintes.<\/p>\n<p><strong>2016 &#8211; 2019<\/strong> \u00ab Hatha Yoga \u00bb Haras National de Saintes, Technical Saintonge et autres entreprises ( ne souhaitant pas divulguer l\u2019information) cours collectifs adultes tous niveaux.<\/p>\n<p><strong>2015 &#8211; 2016<\/strong> \u00ab Hatha Yoga et M\u00e9ditation de pleine conscience \u00bb ateliers enfants Ecole Jeanne d\u2019Arc \u00e0 Saintes en Charente Maritime.<\/p>\n<p><strong>2014 &#8211; 2015<\/strong> \u00ab Yoga et relaxation \u00bb CDI Association Familiale de Montlouis en charge de 2 cours collectifs adultes d\u00e9butants.<\/p>\n<p><strong>2013 &#8211; 2015<\/strong> \u00ab Contes et Hatha Yoga \u00bb CDI SAS Sportif Saint Avertin, responsable d\u2019ateliers pour enfants de 6 \u00e0 12 ans.<\/p>\n<p><strong>2012 &#8211; 2015<\/strong> \u00ab Hatha Yoga \u00bb CDI SAS Sportif Saint Avertin, en charge de 7 cours collectifs adultes tous niveaux.<\/p>\n<p><strong>1999 &#8211; 2016<\/strong> S\u00e9minaires de formation continue avec Patrick Tomatis formateur EFY lign\u00e9e Hahoutof, Isabelle Morin Lardey formateur EFY lign\u00e9e Madras, Laura Giovanella, formatrice lign\u00e9e Hahoutof , th\u00e8me \u00abIntention et bienveillance\u00bb, avec Pascale Brun, formatrice lign\u00e9e D\u00fcrckheim, et B\u00e9n\u00e9dicte de Nazelle psychoth\u00e9rapeute, collaboratrice du Centre fond\u00e9 par K.G.D\u00fcrckheim, th\u00e8me \u00abYoga et argile\u00bb, Patrick Leportal professeur et formateur \u00e0 l\u2019EFYO, Gianna Dupont formatrice lign\u00e9e yoga de l\u2019Energie et Jean-Pierre Laffez kin\u00e9sith\u00e9rapeute, formateur lign\u00e9e yoga de l\u2019Energie, Maritza Somos, professeur de yoga lign\u00e9e Hahoutof.<\/p>\n<h3 class=\"uk-text-center uk-text-warning\">Professeure de Yoga, cours individuels et collectifs.<\/h3>\n<p>SAS Sportif Associations et Entreprises, Pratique et enseignement depuis 2000, Conseill\u00e8re artistique Ecriture et Yoga.<\/p>\n<p>Dipl\u00f4m\u00e9e de la EFY de Paris, membre de la FNEY<br \/>Certificat Professionnel d\u00e9livr\u00e9 conform\u00e9ment au syst\u00e8me de Certification Professionnelle de la Formation Professionnelle.<br \/>900 heures de formation r\u00e9parties en 4 ans.<\/p>\n<p>M\u00e9moire de recherche : \u00ab Renaissance ou comment la pratique du yoga restaure la cr\u00e9ativit\u00e9, m\u00e9ditation et ha\u00efku sur la voie d\u2019un accomplissement \u00bb. (www.efy.asso.fr)<\/p>\n<p><strong>2008 &#8211; 2010<\/strong> Formation \u00e0 l\u2019Enseignement du Yoga \u00e0 l\u2019Ecole Fran\u00e7aise de Yoga qualifi\u00e9e par l\u2019OPQF, rue Aubriot Paris dirig\u00e9e par Ys\u00e9e Tardan-Masquelier.<br \/>Enseignements de Patrick Tomatis lign\u00e9e Hahoutof et Pascale Brun lign\u00e9e D\u00fcrckeim.<\/p>\n<p><strong>2005 &#8211; 2008<\/strong> Formation \u00e0 l\u2019Enseignement du Yoga \u00e0 l\u2019Ecole Fran\u00e7aise de Yoga qualifi\u00e9e par l\u2019OPQF antenne de l\u2019Ouest dirig\u00e9e par Patrick Delhumeau, lign\u00e9e Madras.<\/p>\n<h3 class=\"uk-text-center uk-text-warning\">Formation culturelle et artistique.<\/h3>\n<p class=\"uk-margin uk-scrollspy-inview uk-animation-slide-bottom\"><strong>Septembre 2021<\/strong><span>\u00a0<\/span><i>Dipl\u00f4me d&rsquo;Animateur du Yoga du Rire<\/i><span>\u00a0<\/span>de l&rsquo;Institut Fran\u00e7ais du Yoga du Rire avec Fabrice Loizeau Madan Kataria.<\/p>\n<p><strong>1991 &#8211; 1995<\/strong> D.E.A. Th\u00e9\u00e2tre et arts du spectacle Sorbonne Nouvelle.<\/p>\n<p>D.E.S.S. Administration locale, d\u00e9veloppement local et culturel, Facult\u00e9 de droit et de sciences politiques de Reims.<\/p>\n<h3 class=\"uk-text-center uk-text-warning\">Conseil et direction artistique.<\/h3>\n<p class=\"uk-margin uk-scrollspy-inview uk-animation-slide-bottom\"><strong>1998 \u2013 2004<\/strong> Cr\u00e9ation, production et direction de festivals et \u00e9v\u00e9nements culturels.<\/p>\n<p><strong>1989 &#8211; 1999<\/strong> Mise en sc\u00e8ne, assistanat, \u00e9criture, interpr\u00e9tation.<\/p>\n<h3 class=\"uk-text-center uk-text-warning\">Formation Naturopathie<\/h3>\n<p class=\"uk-margin uk-scrollspy-inview uk-animation-slide-bottom\"><strong>2019 \u2013 2024<\/strong> Ecole de Naturopathie Darg\u00e8re Univers (anciennement \u00c9cole Marchesseau) suivant l&rsquo;enseignement du Biologiste P.V. MARCHESSEAU, p\u00e8re fondateur de la naturopathie (1935). Agr\u00e9e FENA.<\/p>\n<\/div>\n<div>\n<p>    <!-- Encart d'inscription yoga --><\/p>\n<div class=\"yoga-encart\">\n<h3>Rejoignez AthomeYoga<\/h3>\n<p>D\u00e9tendez votre esprit, renforcez votre corps, retrouvez un \u00e9quilibre \u00e0 Saintes<\/p>\n<p>  <a href=\"https:\/\/athome-yoga.dev1-artgrafik.com\/?page_id=523\" class=\"btn-inscrire\">Devenir membre<\/a>\n<\/div>\n<p><!-- Styles CSS --><\/p>\n<style>\n  .yoga-encart {\n    background: linear-gradient(135deg, #a8edea 0%, #fed6e3 100%);\n    color: #333;\n    padding: 1rem;\n    border-radius: 16px;\n    max-width: 420px;\n    margin: 0 auto;\n    text-align: center;\n    font-family: 'Segoe UI', sans-serif;\n    box-shadow: 0 8px 25px rgba(0, 0, 0, 0.1);\n  }<\/p>\n<p>  .yoga-encart h3 {\n    margin-top: 0;\n    font-size: 1.4rem;\n    color: #2c3e50;\n    font-weight: 600;\n  }<\/p>\n<p>  .yoga-encart p {\n    color: #555;\n    font-size: 0.95rem;\n    margin-bottom: 1rem;\n    line-height: 1.5;\n  }<\/p>\n<p>  .btn-inscrire {\n    background-color: #667eea;\n    color: white;\n    padding: 12px 28px;\n    border-radius: 8px;\n    text-decoration: none;\n    font-weight: 600;\n    font-size: 1rem;\n    transition: all 0.3s ease;\n    display: inline-block;\n  }<\/p>\n<p>  .btn-inscrire:hover {\n    background-color: #5a6fd8;\n    transform: translateY(-2px);\n    box-shadow: 0 5px 15px rgba(102, 126, 234, 0.3);\n  }<\/p>\n<p>  @media (max-width: 480px) {\n    .yoga-encart {\n      padding: 1.5rem;\n    }\n    .btn-inscrire {\n      width: 100%;\n      text-align: center;\n    }\n  }\n<\/style>\n<\/div>\n<p><!--more--><br \/>\n<!-- {\"type\":\"layout\",\"children\":[{\"type\":\"section\",\"props\":{\"animation\":\"slide-top-medium\",\"animation_delay\":\"200\",\"image_position\":\"center-center\",\"style\":\"muted\",\"title_breakpoint\":\"xl\",\"title_position\":\"top-left\",\"title_rotation\":\"left\",\"vertical_align\":\"middle\",\"width\":\"default\"},\"children\":[{\"type\":\"row\",\"children\":[{\"type\":\"column\",\"props\":{\"image_position\":\"center-center\",\"position_sticky_breakpoint\":\"m\"},\"children\":[{\"type\":\"image\",\"props\":{\"image\":\"wp-content\/uploads\/2026\/02\/1725308116923-1.jpg\",\"image_border\":\"circle\",\"image_height\":400,\"image_svg_color\":\"emphasis\",\"image_width\":400,\"margin_bottom\":\"default\",\"margin_top\":\"default\",\"text_align\":\"center\"}},{\"type\":\"headline\",\"props\":{\"content\":\"\n\n<h3 style=\\\"text-align: center;\\\">Fabienne Castagna<\/h3>\n\n\",\"image_align\":\"left\",\"image_margin\":\"xsmall\",\"title_element\":\"h1\"}},{\"type\":\"text\",\"props\":{\"column_breakpoint\":\"m\",\"content\":\"\n\n<div class=\\\"uk-margin uk-text-center uk-scrollspy-inview uk-animation-slide-bottom\\\" uk-scrollspy-class=\\\"\\\">\\n\n\n<p class=\\\"uk-text-center\\\">\n\n\\n<\/div>\n\n\\n\n\n<h3 class=\\\"uk-text-center uk-text-warning\\\">Enseignement du Hatha Yoga et des techniques Naturelles de Bien-\u00catre<\/h3>\n\n\\n\n\n<p><strong>2017 - 2025<\/strong> Cr\u00e9ation d\u2019ATHOMEYOGA: Relaxation, M\u00e9ditation, Equilibre, Enchainements dynamiques... Cours collectifs et accompagnements personnalis\u00e9s.\n\n<strong>2000 - 2017<\/strong> \u00ab Hatha Yoga \u00bb cours particuliers adultes tous niveaux Paris Touraine Saintes.\n\n<strong>2016 - 2019<\/strong> \u00ab Hatha Yoga \u00bb Haras National de Saintes, Technical Saintonge et autres entreprises ( ne souhaitant pas divulguer l\u2019information) cours collectifs adultes tous niveaux.\n\n<strong>2015 - 2016<\/strong> \u00ab Hatha Yoga et M\u00e9ditation de pleine conscience \u00bb ateliers enfants Ecole Jeanne d\u2019Arc \u00e0 Saintes en Charente Maritime.\n\n<strong>2014 - 2015<\/strong> \u00ab Yoga et relaxation \u00bb CDI Association Familiale de Montlouis en charge de 2 cours collectifs adultes d\u00e9butants.\n\n<strong>2013 - 2015<\/strong> \u00ab Contes et Hatha Yoga \u00bb CDI SAS Sportif Saint Avertin, responsable d\u2019ateliers pour enfants de 6 \u00e0 12 ans.\n\n<strong>2012 - 2015<\/strong> \u00ab Hatha Yoga \u00bb CDI SAS Sportif Saint Avertin, en charge de 7 cours collectifs adultes tous niveaux.\n\n<strong>1999 - 2016<\/strong> S\u00e9minaires de formation continue avec Patrick Tomatis formateur EFY lign\u00e9e Hahoutof, Isabelle Morin Lardey formateur EFY lign\u00e9e Madras, Laura Giovanella, formatrice lign\u00e9e Hahoutof , th\u00e8me \u00abIntention et bienveillance\u00bb, avec Pascale Brun, formatrice lign\u00e9e D\u00fcrckheim, et B\u00e9n\u00e9dicte de Nazelle psychoth\u00e9rapeute, collaboratrice du Centre fond\u00e9 par K.G.D\u00fcrckheim, th\u00e8me \u00abYoga et argile\u00bb, Patrick Leportal professeur et formateur \u00e0 l\u2019EFYO, Gianna Dupont formatrice lign\u00e9e yoga de l\u2019Energie et Jean-Pierre Laffez kin\u00e9sith\u00e9rapeute, formateur lign\u00e9e yoga de l\u2019Energie, Maritza Somos, professeur de yoga lign\u00e9e Hahoutof.<\/p>\n\n\\n\n\n<h3 class=\\\"uk-text-center uk-text-warning\\\">Professeure de Yoga, cours individuels et collectifs.<\/h3>\n\n\\n\n\n<p>SAS Sportif Associations et Entreprises, Pratique et enseignement depuis 2000, Conseill\u00e8re artistique Ecriture et Yoga.\n\nDipl\u00f4m\u00e9e de la EFY de Paris, membre de la FNEY<br \/>Certificat Professionnel d\u00e9livr\u00e9 conform\u00e9ment au syst\u00e8me de Certification Professionnelle de la Formation Professionnelle.<br \/>900 heures de formation r\u00e9parties en 4 ans.\n\nM\u00e9moire de recherche : \u00ab Renaissance ou comment la pratique du yoga restaure la cr\u00e9ativit\u00e9, m\u00e9ditation et ha\u00efku sur la voie d\u2019un accomplissement \u00bb. (www.efy.asso.fr)\n\n<strong>2008 - 2010<\/strong> Formation \u00e0 l\u2019Enseignement du Yoga \u00e0 l\u2019Ecole Fran\u00e7aise de Yoga qualifi\u00e9e par l\u2019OPQF, rue Aubriot Paris dirig\u00e9e par Ys\u00e9e Tardan-Masquelier.<br \/>Enseignements de Patrick Tomatis lign\u00e9e Hahoutof et Pascale Brun lign\u00e9e D\u00fcrckeim.\n\n<strong>2005 - 2008<\/strong> Formation \u00e0 l\u2019Enseignement du Yoga \u00e0 l\u2019Ecole Fran\u00e7aise de Yoga qualifi\u00e9e par l\u2019OPQF antenne de l\u2019Ouest dirig\u00e9e par Patrick Delhumeau, lign\u00e9e Madras.<\/p>\n\n\\n\n\n<h3 class=\\\"uk-text-center uk-text-warning\\\">Formation culturelle et artistique.<\/h3>\n\n\\n\n\n<p class=\\\"uk-margin uk-scrollspy-inview uk-animation-slide-bottom\\\"><strong>Septembre 2021<\/strong><span>\u00a0<\/span><i>Dipl\u00f4me d'Animateur du Yoga du Rire<\/i><span>\u00a0<\/span>de l'Institut Fran\u00e7ais du Yoga du Rire avec Fabrice Loizeau Madan Kataria.\n\n<strong>1991 - 1995<\/strong> D.E.A. Th\u00e9\u00e2tre et arts du spectacle Sorbonne Nouvelle.\n\nD.E.S.S. Administration locale, d\u00e9veloppement local et culturel, Facult\u00e9 de droit et de sciences politiques de Reims.<\/p>\n\n\\n\n\n<h3 class=\\\"uk-text-center uk-text-warning\\\">Conseil et direction artistique.<\/h3>\n\n\\n\n\n<p class=\\\"uk-margin uk-scrollspy-inview uk-animation-slide-bottom\\\"><strong>1998 \u2013 2004<\/strong> Cr\u00e9ation, production et direction de festivals et \u00e9v\u00e9nements culturels.\n\n<strong>1989 - 1999<\/strong> Mise en sc\u00e8ne, assistanat, \u00e9criture, interpr\u00e9tation.<\/p>\n\n\\n\n\n<h3 class=\\\"uk-text-center uk-text-warning\\\">Formation Naturopathie<\/h3>\n\n\\n\n\n<p class=\\\"uk-margin uk-scrollspy-inview uk-animation-slide-bottom\\\"><strong>2019 \u2013 2024<\/strong> Ecole de Naturopathie Darg\u00e8re Univers (anciennement \u00c9cole Marchesseau) suivant l'enseignement du Biologiste P.V. MARCHESSEAU, p\u00e8re fondateur de la naturopathie (1935). Agr\u00e9e FENA.<\/p>\n\n\",\"margin_bottom\":\"default\",\"margin_top\":\"default\"}}]}]}]},{\"type\":\"section\",\"props\":{\"animation\":\"fade\",\"animation_delay\":\"200\",\"image\":\"wp-content\/uploads\/2026\/02\/IMG_20250323_120659-1-scaled.jpg\",\"image_effect\":\"fixed\",\"image_position\":\"center-center\",\"media_overlay\":\"rgba(255, 255, 255, 0.68)\",\"style\":\"default\",\"title_breakpoint\":\"xl\",\"title_position\":\"top-left\",\"title_rotation\":\"left\",\"vertical_align\":\"middle\",\"width\":\"default\"},\"children\":[{\"type\":\"row\",\"children\":[{\"type\":\"column\",\"props\":{\"image_position\":\"center-center\",\"position_sticky_breakpoint\":\"m\"},\"children\":[{\"type\":\"html\",\"props\":{\"content\":\"<!-- Encart d'inscription yoga -->\\n<\/p>\n<div class=\\\"yoga-encart\\\">\\n  <\/p>\n<h3>Rejoignez AthomeYoga<\/h3>\n<p>\\n  <\/p>\n<p>D\u00e9tendez votre esprit, renforcez votre corps, retrouvez un \u00e9quilibre \u00e0 Saintes<\/p>\n<p>\\n  <a href=\\\"https:\/\/athome-yoga.dev1-artgrafik.com\/?page_id=523\\\" class=\\\"btn-inscrire\\\">Devenir membre<\/a>\\n<\/div>\n<p>\\n\\n<!-- Styles CSS -->\\n<\/p>\n<style>\\n  .yoga-encart {\\n    background: linear-gradient(135deg, #a8edea 0%, #fed6e3 100%);\\n    color: #333;\\n    padding: 1rem;\\n    border-radius: 16px;\\n    max-width: 420px;\\n    margin: 0 auto;\\n    text-align: center;\\n    font-family: 'Segoe UI', sans-serif;\\n    box-shadow: 0 8px 25px rgba(0, 0, 0, 0.1);\\n  }\\n\\n  .yoga-encart h3 {\\n    margin-top: 0;\\n    font-size: 1.4rem;\\n    color: #2c3e50;\\n    font-weight: 600;\\n  }\\n\\n  .yoga-encart p {\\n    color: #555;\\n    font-size: 0.95rem;\\n    margin-bottom: 1rem;\\n    line-height: 1.5;\\n  }\\n\\n  .btn-inscrire {\\n    background-color: #667eea;\\n    color: white;\\n    padding: 12px 28px;\\n    border-radius: 8px;\\n    text-decoration: none;\\n    font-weight: 600;\\n    font-size: 1rem;\\n    transition: all 0.3s ease;\\n    display: inline-block;\\n  }\\n\\n  .btn-inscrire:hover {\\n    background-color: #5a6fd8;\\n    transform: translateY(-2px);\\n    box-shadow: 0 5px 15px rgba(102, 126, 234, 0.3);\\n  }\\n\\n  @media (max-width: 480px) {\\n    .yoga-encart {\\n      padding: 1.5rem;\\n    }\\n    .btn-inscrire {\\n      width: 100%;\\n      text-align: center;\\n    }\\n  }\\n<\/style>\n<p>   \u00ab\u00a0}}]}]}],\u00a0\u00bbname\u00a0\u00bb:\u00a0\u00bbbandeau abonnement\u00a0\u00bb}],\u00a0\u00bbversion\u00a0\u00bb:\u00a0\u00bb5.0.13&Prime;} &#8211;><\/p>\n","protected":false},"excerpt":{"rendered":"<p>Fabienne Castagna Enseignement du Hatha Yoga et des techniques Naturelles de Bien-\u00catre 2017 &#8211; 2025 Cr\u00e9ation d\u2019ATHOMEYOGA: Relaxation, M\u00e9ditation, Equilibre, Enchainements dynamiques&#8230; Cours collectifs et accompagnements personnalis\u00e9s. 2000 &#8211; 2017 \u00ab Hatha Yoga \u00bb cours particuliers adultes tous niveaux Paris Touraine Saintes. 2016 &#8211; 2019 \u00ab Hatha Yoga \u00bb Haras National de Saintes, Technical Saintonge [&hellip;]<\/p>\n","protected":false},"author":2,"featured_media":0,"parent":0,"menu_order":0,"comment_status":"closed","ping_status":"closed","template":"","meta":{"footnotes":""},"class_list":["post-270","page","type-page","status-publish","hentry"],"_links":{"self":[{"href":"https:\/\/athome-yoga.dev1-artgrafik.com\/index.php?rest_route=\/wp\/v2\/pages\/270","targetHints":{"allow":["GET"]}}],"collection":[{"href":"https:\/\/athome-yoga.dev1-artgrafik.com\/index.php?rest_route=\/wp\/v2\/pages"}],"about":[{"href":"https:\/\/athome-yoga.dev1-artgrafik.com\/index.php?rest_route=\/wp\/v2\/types\/page"}],"author":[{"embeddable":true,"href":"https:\/\/athome-yoga.dev1-artgrafik.com\/index.php?rest_route=\/wp\/v2\/users\/2"}],"replies":[{"embeddable":true,"href":"https:\/\/athome-yoga.dev1-artgrafik.com\/index.php?rest_route=%2Fwp%2Fv2%2Fcomments&post=270"}],"version-history":[{"count":16,"href":"https:\/\/athome-yoga.dev1-artgrafik.com\/index.php?rest_route=\/wp\/v2\/pages\/270\/revisions"}],"predecessor-version":[{"id":945,"href":"https:\/\/athome-yoga.dev1-artgrafik.com\/index.php?rest_route=\/wp\/v2\/pages\/270\/revisions\/945"}],"wp:attachment":[{"href":"https:\/\/athome-yoga.dev1-artgrafik.com\/index.php?rest_route=%2Fwp%2Fv2%2Fmedia&parent=270"}],"curies":[{"name":"wp","href":"https:\/\/api.w.org\/{rel}","templated":true}]}}